{"id":30,"date":"2024-01-01T16:18:46","date_gmt":"2024-01-01T15:18:46","guid":{"rendered":"https:\/\/silketottens.dk\/?page_id=30"},"modified":"2024-03-18T13:15:10","modified_gmt":"2024-03-18T12:15:10","slug":"om-os","status":"publish","type":"page","link":"https:\/\/silketottens.dk\/?page_id=30","title":{"rendered":"Om os"},"content":{"rendered":"<p>[et_pb_section fb_built=&#8221;1&#8243; _builder_version=&#8221;4.23.3&#8243; _module_preset=&#8221;default&#8221; background_color=&#8221;#eed7b9&#8243; global_colors_info=&#8221;{}&#8221;][et_pb_row column_structure=&#8221;1_2,1_2&#8243; _builder_version=&#8221;4.23.3&#8243; _module_preset=&#8221;default&#8221; global_colors_info=&#8221;{}&#8221;][et_pb_column type=&#8221;1_2&#8243; _builder_version=&#8221;4.23.3&#8243; _module_preset=&#8221;default&#8221; global_colors_info=&#8221;{}&#8221;][et_pb_image src=&#8221;http:\/\/silketottens.dk\/wp-content\/uploads\/2024\/01\/10359014_276890269149129_1896884398241467335_o.jpg&#8221; title_text=&#8221;10359014_276890269149129_1896884398241467335_o&#8221; _builder_version=&#8221;4.23.3&#8243; _module_preset=&#8221;default&#8221; global_colors_info=&#8221;{}&#8221;][\/et_pb_image][\/et_pb_column][et_pb_column type=&#8221;1_2&#8243; _builder_version=&#8221;4.23.3&#8243; _module_preset=&#8221;default&#8221; global_colors_info=&#8221;{}&#8221;][et_pb_text _builder_version=&#8221;4.23.3&#8243; _module_preset=&#8221;default&#8221; global_colors_info=&#8221;{}&#8221;]<\/p>\n<p>Jeg har allerede fra barnsben v\u00e6ret interesseret i dyr, og har haft hunde, heste, \u00e6nder og h\u00f8ns p\u00e5 mit barndomshjem.<\/p>\n<p>Jeg er uddannet p\u00e6dagog og har arbejdet som social p\u00e6dagog i 17 \u00e5r.<\/p>\n<p>Jeg er gift med min mand Jakob, og vi har sammen 3 b\u00f8rn. Jacob og jeg har haft hunde hele vores voksne liv, og ved hvor meget gl\u00e6de de 4 firbenede venner kan give, og som de har givet os. S\u00e5 vi er bare glade for at kunne give denne gl\u00e6de videre til andre. Gl\u00e6den ved at se de sm\u00e5 hvalpe blive f\u00f8dt, og se dem g\u00e5 de f\u00f8rste skridt i livet er en fantastisk oplevelse, og n\u00e5r de s\u00e5 er 8 uger, kan de komme hjem til deres familie og komme i deres elskede rammer.<\/p>\n<p>Silketottens startede med at nogle af vores venner \u00f8nskede hvalpe i udstationering, og s\u00e5 m\u00f8dte vi et helt nyt netv\u00e6rk af folk, og har siden bare nydt dette erhverv. Samarbejdet med andre mennesker er fantastisk livsbekr\u00e6ftende og det er jeg meget glad, be\u00e6ret og taknemmelig for jeg kan g\u00f8re.<\/p>\n<p>Jeg har den lovpligtige Hundeholderuddannelse for erhvervsm\u00e6ssigt opdr\u00e6t \ud83d\ude0a<\/p>\n<p>Vi avler racetypiske livsglade familiehunde og h\u00e5ber ogs\u00e5 vi har en hund til dig.<\/p>\n<p>&nbsp;<\/p>\n<p>K\u00e6rligste hilsener<\/p>\n<p>Mette Drews<\/p>\n<p>&nbsp;<\/p>\n<p>[\/et_pb_text][\/et_pb_column][\/et_pb_row][\/et_pb_section]<\/p>\n","protected":false},"excerpt":{"rendered":"<p>Jeg har allerede fra barnsben v\u00e6ret interesseret i dyr, og har haft hunde, heste, \u00e6nder og h\u00f8ns p\u00e5 mit barndomshjem. Jeg er uddannet p\u00e6dagog og har arbejdet som social p\u00e6dagog i 17 \u00e5r. Jeg er gift med min mand Jakob, og vi har sammen 3 b\u00f8rn. Jacob og jeg har haft hunde hele vores voksne [&hellip;]<\/p>\n","protected":false},"author":1,"featured_media":0,"parent":0,"menu_order":0,"comment_status":"closed","ping_status":"closed","template":"","meta":{"_et_pb_use_builder":"on","_et_pb_old_content":"","_et_gb_content_width":"","_monsterinsights_skip_tracking":false,"_monsterinsights_sitenote_active":false,"_monsterinsights_sitenote_note":"","_monsterinsights_sitenote_category":0,"footnotes":""},"class_list":["post-30","page","type-page","status-publish","hentry"],"_links":{"self":[{"href":"https:\/\/silketottens.dk\/index.php?rest_route=\/wp\/v2\/pages\/30","targetHints":{"allow":["GET"]}}],"collection":[{"href":"https:\/\/silketottens.dk\/index.php?rest_route=\/wp\/v2\/pages"}],"about":[{"href":"https:\/\/silketottens.dk\/index.php?rest_route=\/wp\/v2\/types\/page"}],"author":[{"embeddable":true,"href":"https:\/\/silketottens.dk\/index.php?rest_route=\/wp\/v2\/users\/1"}],"replies":[{"embeddable":true,"href":"https:\/\/silketottens.dk\/index.php?rest_route=%2Fwp%2Fv2%2Fcomments&post=30"}],"version-history":[{"count":6,"href":"https:\/\/silketottens.dk\/index.php?rest_route=\/wp\/v2\/pages\/30\/revisions"}],"predecessor-version":[{"id":250,"href":"https:\/\/silketottens.dk\/index.php?rest_route=\/wp\/v2\/pages\/30\/revisions\/250"}],"wp:attachment":[{"href":"https:\/\/silketottens.dk\/index.php?rest_route=%2Fwp%2Fv2%2Fmedia&parent=30"}],"curies":[{"name":"wp","href":"https:\/\/api.w.org\/{rel}","templated":true}]}}