{"id":84,"date":"2024-01-01T17:11:54","date_gmt":"2024-01-01T16:11:54","guid":{"rendered":"https:\/\/silketottens.dk\/?page_id=84"},"modified":"2024-01-21T14:11:00","modified_gmt":"2024-01-21T13:11:00","slug":"paring","status":"publish","type":"page","link":"http:\/\/silketottens.dk\/?page_id=84","title":{"rendered":"Paring"},"content":{"rendered":"<p>[et_pb_section fb_built=&#8221;1&#8243; _builder_version=&#8221;4.23.3&#8243; _module_preset=&#8221;default&#8221; background_color=&#8221;#eed7b9&#8243; global_colors_info=&#8221;{}&#8221;][et_pb_row column_structure=&#8221;1_2,1_2&#8243; _builder_version=&#8221;4.23.3&#8243; _module_preset=&#8221;default&#8221; global_colors_info=&#8221;{}&#8221;][et_pb_column type=&#8221;1_2&#8243; _builder_version=&#8221;4.23.3&#8243; _module_preset=&#8221;default&#8221; global_colors_info=&#8221;{}&#8221;][et_pb_text _builder_version=&#8221;4.23.3&#8243; _module_preset=&#8221;default&#8221; hover_enabled=&#8221;0&#8243; sticky_enabled=&#8221;0&#8243;]<\/p>\n<p>Vores storsl\u00e5ede hanhunde er nu til r\u00e5dighed for parring! Vi er dedikerede til at bevare og forbedre racen, og vi \u00f8nsker at dele vores smukke hunde med ansvarlige opdr\u00e6ttere som dig.<\/p>\n<p><strong>Hvad vi tilbyder:<\/strong><\/p>\n<ul>\n<li>Velplejede og sunde hanhunde<\/li>\n<li>St\u00e6rk stamtavle og gode gener<\/li>\n<li>Dedikation til racens bevarelse<\/li>\n<\/ul>\n<p><strong>S\u00e5dan kommer du i kontakt:<\/strong> Hvis du er interesseret i at parre din t\u00e6ve med en af vores hunde, bedes du udfylde formularen under &#8220;Kontakt&#8221; hvorefter vi aftaler n\u00e6rmere.<\/p>\n<p>Det kunne v\u00e6re dejligt, hvis du vil skrive lidt om din t\u00e6ve, herunder race, alder og sundhedstilstand.\u00a0<\/p>\n<p>[\/et_pb_text][\/et_pb_column][et_pb_column type=&#8221;1_2&#8243; _builder_version=&#8221;4.23.3&#8243; _module_preset=&#8221;default&#8221; global_colors_info=&#8221;{}&#8221;][et_pb_image src=&#8221;http:\/\/silketottens.dk\/wp-content\/uploads\/2024\/01\/Loke.jpg&#8221; _builder_version=&#8221;4.23.3&#8243; _module_preset=&#8221;default&#8221; title_text=&#8221;Loke&#8221; max_height=&#8221;448px&#8221; hover_enabled=&#8221;0&#8243; sticky_enabled=&#8221;0&#8243;][\/et_pb_image][\/et_pb_column][\/et_pb_row][\/et_pb_section]<\/p>\n","protected":false},"excerpt":{"rendered":"<p>Vores storsl\u00e5ede hanhunde er nu til r\u00e5dighed for parring! Vi er dedikerede til at bevare og forbedre racen, og vi \u00f8nsker at dele vores smukke hunde med ansvarlige opdr\u00e6ttere som dig. Hvad vi tilbyder: Velplejede og sunde hanhunde St\u00e6rk stamtavle og gode gener Dedikation til racens bevarelse S\u00e5dan kommer du i kontakt: Hvis du er [&hellip;]<\/p>\n","protected":false},"author":1,"featured_media":0,"parent":0,"menu_order":0,"comment_status":"closed","ping_status":"closed","template":"","meta":{"_et_pb_use_builder":"on","_et_pb_old_content":"","_et_gb_content_width":"","_monsterinsights_skip_tracking":false,"_monsterinsights_sitenote_active":false,"_monsterinsights_sitenote_note":"","_monsterinsights_sitenote_category":0,"footnotes":""},"class_list":["post-84","page","type-page","status-publish","hentry"],"_links":{"self":[{"href":"http:\/\/silketottens.dk\/index.php?rest_route=\/wp\/v2\/pages\/84","targetHints":{"allow":["GET"]}}],"collection":[{"href":"http:\/\/silketottens.dk\/index.php?rest_route=\/wp\/v2\/pages"}],"about":[{"href":"http:\/\/silketottens.dk\/index.php?rest_route=\/wp\/v2\/types\/page"}],"author":[{"embeddable":true,"href":"http:\/\/silketottens.dk\/index.php?rest_route=\/wp\/v2\/users\/1"}],"replies":[{"embeddable":true,"href":"http:\/\/silketottens.dk\/index.php?rest_route=%2Fwp%2Fv2%2Fcomments&post=84"}],"version-history":[{"count":4,"href":"http:\/\/silketottens.dk\/index.php?rest_route=\/wp\/v2\/pages\/84\/revisions"}],"predecessor-version":[{"id":176,"href":"http:\/\/silketottens.dk\/index.php?rest_route=\/wp\/v2\/pages\/84\/revisions\/176"}],"wp:attachment":[{"href":"http:\/\/silketottens.dk\/index.php?rest_route=%2Fwp%2Fv2%2Fmedia&parent=84"}],"curies":[{"name":"wp","href":"https:\/\/api.w.org\/{rel}","templated":true}]}}